{"id":86,"date":"2023-04-16T10:04:53","date_gmt":"2023-04-16T10:04:53","guid":{"rendered":"https:\/\/ellers-physiotherapie.de\/?page_id=86"},"modified":"2025-02-10T21:38:24","modified_gmt":"2025-02-10T19:38:24","slug":"impressum","status":"publish","type":"page","link":"https:\/\/ellers-physiotherapie.de\/?page_id=86","title":{"rendered":"Impressum"},"content":{"rendered":"\t\t<div data-elementor-type=\"wp-page\" data-elementor-id=\"86\" class=\"elementor elementor-86\" data-elementor-post-type=\"page\">\n\t\t\t\t\t\t<section class=\"elementor-section elementor-top-section elementor-element elementor-element-5b5e30cf elementor-section-content-middle elementor-section-boxed elementor-section-height-default elementor-section-height-default wpr-particle-no wpr-jarallax-no wpr-parallax-no wpr-sticky-section-no wpr-equal-height-no\" data-id=\"5b5e30cf\" data-element_type=\"section\" data-e-type=\"section\" data-settings=\"{&quot;background_background&quot;:&quot;classic&quot;}\">\n\t\t\t\t\t\t<div class=\"elementor-container elementor-column-gap-no\">\n\t\t\t\t\t<div class=\"elementor-column elementor-col-100 elementor-top-column elementor-element elementor-element-4d5fffa3\" data-id=\"4d5fffa3\" data-element_type=\"column\" data-e-type=\"column\">\n\t\t\t<div class=\"elementor-widget-wrap elementor-element-populated\">\n\t\t\t\t\t\t<div class=\"elementor-element elementor-element-4a35ae41 elementor-widget elementor-widget-heading\" data-id=\"4a35ae41\" data-element_type=\"widget\" data-e-type=\"widget\" data-widget_type=\"heading.default\">\n\t\t\t\t<div class=\"elementor-widget-container\">\n\t\t\t\t\t<h4 class=\"elementor-heading-title elementor-size-default\">Impressum<\/h4>\t\t\t\t<\/div>\n\t\t\t\t<\/div>\n\t\t\t\t<div class=\"elementor-element elementor-element-78e1c399 elementor-widget elementor-widget-text-editor\" data-id=\"78e1c399\" data-element_type=\"widget\" data-e-type=\"widget\" data-widget_type=\"text-editor.default\">\n\t\t\t\t<div class=\"elementor-widget-container\">\n\t\t\t\t\t\t\t\t\t<h3>Angaben gem\u00e4\u00df \u00a7 5 DDG<\/h3>\n<p>Physiotherapie Ellers<br>Sch\u00fctzenstr. 29<br>49661 Cloppenburg<\/p>\n<h4>Vertreten durch:<\/h4>\n<p>Helmut Ellers<br>Tanja Heitmann<br>Michael Lampe<\/p>\n<h4>Kontakt<\/h4>\n<p>Telefon: 04471\/7555<br>Telefax: 04471\/185864<br>E-Mail: helmut.ellers@gmx.de<\/p>\n<h3>Berufsbezeichnung und berufsrechtliche Regelungen<\/h3>\n<p>Berufsbezeichnung: staatlich anerkannte\/r Physiotherapeut\/in, Sektorale\/r Heilpraktiker\/in der Physiotherapie<br>Zust\u00e4ndige Kammer: Verband Physikalische Therapie<br>Verliehen durch: Bezirksregierung Weser-Ems Landkreis Cloppenburg<br>Es gelten folgende berufsrechtliche Regelungen: Masseur- und Physiotherapeutengesetz(MPhG) vom 26. Mai 1994, Heilpraktikergesetz (HPG) vom 17.02.1939<br>Regelungen einsehbar unter: <a href=\"http:\/\/www.gesetze-im-internet.de\/mphg\/BJNR108400994.html, http:\/\/www.gesetze-im-internet.de\/heilprg\/BJNR002510939.html\">http:\/\/www.gesetze-im-internet.de\/mphg\/BJNR108400994.html, http:\/\/www.gesetze-im-internet.de\/heilprg\/BJNR002510939.html<\/a><\/p>\n<h3>Angaben zur Berufshaftpflichtversicherung<\/h3>\n<p><b>Name und Sitz des Versicherers:<\/b><br>Continentale Versicherung<br>Ruhrallee 92<br>44139 Dortmund<\/p>\n<p>Geltungsraum der Versicherung:<br>Europa<\/p>\n<h3>Streitschlichtung<\/h3>\n<p>Die Europ\u00e4ische Kommission stellt eine Plattform zur Online-Streitbeilegung (OS) bereit: https:\/\/ec.europa.eu\/consumers\/odr.<br>Unsere E-Mail-Adresse finden Sie oben im Impressum.<\/p>\n<p>Wir sind nicht bereit oder verpflichtet, an Streitbeilegungsverfahren vor einer Verbraucherschlichtungsstelle teilzunehmen.<\/p>\n<h4>Haftung f\u00fcr Inhalte<\/h4>\n<p>Als Diensteanbieter sind wir gem\u00e4\u00df \u00a7 7 Abs.1 DDG f\u00fcr eigene Inhalte auf diesen Seiten nach den allgemeinen Gesetzen verantwortlich. Nach \u00a7\u00a7 8 bis 10 DDG sind wir als Diensteanbieter jedoch nicht verpflichtet, \u00fcbermittelte oder gespeicherte fremde Informationen zu \u00fcberwachen oder nach Umst\u00e4nden zu forschen, die auf eine rechtswidrige T\u00e4tigkeit hinweisen.<\/p>\n<p>Verpflichtungen zur Entfernung oder Sperrung der Nutzung von Informationen nach den allgemeinen Gesetzen bleiben hiervon unber\u00fchrt. Eine diesbez\u00fcgliche Haftung ist jedoch erst ab dem Zeitpunkt der Kenntnis einer konkreten Rechtsverletzung m\u00f6glich. Bei Bekanntwerden von entsprechenden Rechtsverletzungen werden wir diese Inhalte umgehend entfernen.<\/p>\n<h4>Haftung f\u00fcr Links<\/h4>\n<p>Unser Angebot enth\u00e4lt Links zu externen Websites Dritter, auf deren Inhalte wir keinen Einfluss haben. Deshalb k\u00f6nnen wir f\u00fcr diese fremden Inhalte auch keine Gew\u00e4hr \u00fcbernehmen. F\u00fcr die Inhalte der verlinkten Seiten ist stets der jeweilige Anbieter oder Betreiber der Seiten verantwortlich. Die verlinkten Seiten wurden zum Zeitpunkt der Verlinkung auf m\u00f6gliche Rechtsverst\u00f6\u00dfe \u00fcberpr\u00fcft. Rechtswidrige Inhalte waren zum Zeitpunkt der Verlinkung nicht erkennbar.<\/p>\n<p>Eine permanente inhaltliche Kontrolle der verlinkten Seiten ist jedoch ohne konkrete Anhaltspunkte einer Rechtsverletzung nicht zumutbar. Bei Bekanntwerden von Rechtsverletzungen werden wir derartige Links umgehend entfernen.<\/p>\n<h4>Urheberrecht<\/h4>\n<p>Die durch die Seitenbetreiber erstellten Inhalte und Werke auf diesen Seiten unterliegen dem deutschen Urheberrecht. Die Vervielf\u00e4ltigung, Bearbeitung, Verbreitung und jede Art der Verwertung au\u00dferhalb der Grenzen des Urheberrechtes bed\u00fcrfen der schriftlichen Zustimmung des jeweiligen Autors bzw. Erstellers. Downloads und Kopien dieser Seite sind nur f\u00fcr den privaten, nicht kommerziellen Gebrauch gestattet.<\/p>\n<p>Soweit die Inhalte auf dieser Seite nicht vom Betreiber erstellt wurden, werden die Urheberrechte Dritter beachtet. Insbesondere werden Inhalte Dritter als solche gekennzeichnet. Sollten Sie trotzdem auf eine Urheberrechtsverletzung aufmerksam werden, bitten wir um einen entsprechenden Hinweis. Bei Bekanntwerden von Rechtsverletzungen werden wir derartige Inhalte umgehend entfernen.<\/p>\n<p>Bildquellen:<\/p>\n<p>Adobe Stock&nbsp;134625536<b>&nbsp;<\/b>&#8211;&nbsp;Physiotherapist giving back massage to patient<\/p>\n<p>Adobe Stock&nbsp;130931230<span style=\"font-weight: bold;\">&nbsp;<\/span>&#8211;&nbsp;Female knee with physio tape, closeup<\/p>\n<p>Adobe Stock&nbsp;289613406<span style=\"font-weight: bold;\">&nbsp;<\/span>&#8211;&nbsp;portrait of young woman<\/p>\n<p>Adobe Stock&nbsp;178009293<span style=\"font-weight: bold;\">&nbsp;<\/span>&#8211;&nbsp;Ultrasound infrared light cosmetic treatment<\/p>\n<p>Adobe Stock&nbsp;162471256<span style=\"font-weight: bold;\">&nbsp;<\/span>&#8211;&nbsp;Therapist giving traditional thai foot massage to a woman in spa<\/p>\n<p>Adobe Stock&nbsp;121055484<span style=\"font-weight: bold;\">&nbsp;<\/span>&#8211;&nbsp;Elektrotherapie als unterst\u00fctzende Behandlung gegen Migr\u00e4ne<\/p>\n<p>Adobe Stock&nbsp;459568039<span style=\"font-weight: bold;\">&nbsp;<\/span>&#8211;&nbsp;Fango therapy for hands. Paraffin compresses are used to perform fango massages. The photo shows a patient and a masseur.<\/p>\n<p>Adobe Stock&nbsp;250901528<span style=\"font-weight: bold;\">&nbsp;<\/span>&#8211;&nbsp;Young handsome man enjoying a back massage. Professional massage therapist is treating a male patient in apartment. Relaxation, beauty, body and face treatment concept. Home massage.<\/p>\n<p>Adobe Stock&nbsp;39904723 &#8211;&nbsp;Patient bei der Physiotherapie &#8211; Massage<\/p>\n<p>Adobe Stock&nbsp;1086718524<\/p>\n<p>Adobe Stock&nbsp;335041800<\/p>\n<p>Adobe Stock&nbsp;171364477<\/p>\n<p>Adobe Stock&nbsp;116235875<\/p>\t\t\t\t\t\t\t\t<\/div>\n\t\t\t\t<\/div>\n\t\t\t\t\t<\/div>\n\t\t<\/div>\n\t\t\t\t\t<\/div>\n\t\t<\/section>\n\t\t\t\t<\/div>\n\t\t","protected":false},"excerpt":{"rendered":"<p>Impressum Angaben gem\u00e4\u00df \u00a7 5 DDG Physiotherapie EllersSch\u00fctzenstr. 2949661 Cloppenburg Vertreten durch: Helmut EllersTanja HeitmannMichael Lampe Kontakt Telefon: 04471\/7555Telefax: 04471\/185864E-Mail: helmut.ellers@gmx.de Berufsbezeichnung und berufsrechtliche Regelungen Berufsbezeichnung: staatlich anerkannte\/r Physiotherapeut\/in, Sektorale\/r Heilpraktiker\/in der PhysiotherapieZust\u00e4ndige Kammer: Verband Physikalische TherapieVerliehen durch: Bezirksregierung Weser-Ems Landkreis CloppenburgEs gelten folgende berufsrechtliche Regelungen: Masseur- und Physiotherapeutengesetz(MPhG) vom 26. Mai 1994, Heilpraktikergesetz (HPG) vom 17.02.1939Regelungen einsehbar unter: http:\/\/www.gesetze-im-internet.de\/mphg\/BJNR108400994.html, http:\/\/www.gesetze-im-internet.de\/heilprg\/BJNR002510939.html Angaben zur Berufshaftpflichtversicherung Name und Sitz des Versicherers:Continentale VersicherungRuhrallee 9244139 Dortmund Geltungsraum der Versicherung:Europa Streitschlichtung Die Europ\u00e4ische Kommission stellt eine Plattform zur Online-Streitbeilegung (OS) bereit: https:\/\/ec.europa.eu\/consumers\/odr.Unsere E-Mail-Adresse finden Sie oben im Impressum. Wir sind nicht bereit oder verpflichtet, an Streitbeilegungsverfahren vor einer Verbraucherschlichtungsstelle teilzunehmen. Haftung f\u00fcr Inhalte Als Diensteanbieter sind wir gem\u00e4\u00df \u00a7 7 Abs.1 DDG f\u00fcr eigene Inhalte auf diesen Seiten nach den allgemeinen Gesetzen verantwortlich. Nach \u00a7\u00a7 8 bis 10 DDG sind wir als Diensteanbieter jedoch nicht verpflichtet, \u00fcbermittelte oder gespeicherte fremde Informationen zu \u00fcberwachen oder nach Umst\u00e4nden zu forschen, die auf eine rechtswidrige T\u00e4tigkeit hinweisen. Verpflichtungen zur Entfernung oder Sperrung der Nutzung von Informationen nach den allgemeinen Gesetzen bleiben hiervon unber\u00fchrt. Eine diesbez\u00fcgliche Haftung ist jedoch erst ab dem Zeitpunkt der Kenntnis einer konkreten Rechtsverletzung m\u00f6glich. Bei Bekanntwerden von entsprechenden Rechtsverletzungen werden wir diese Inhalte umgehend entfernen. Haftung f\u00fcr Links Unser Angebot enth\u00e4lt Links zu externen Websites Dritter, auf deren Inhalte wir keinen Einfluss haben. Deshalb k\u00f6nnen wir f\u00fcr diese fremden Inhalte auch keine Gew\u00e4hr \u00fcbernehmen. F\u00fcr die Inhalte der verlinkten Seiten ist stets der jeweilige Anbieter oder Betreiber der Seiten verantwortlich. Die verlinkten Seiten wurden zum Zeitpunkt der Verlinkung auf m\u00f6gliche Rechtsverst\u00f6\u00dfe \u00fcberpr\u00fcft. Rechtswidrige Inhalte waren zum Zeitpunkt der Verlinkung nicht erkennbar. Eine permanente inhaltliche Kontrolle der verlinkten Seiten ist jedoch ohne konkrete Anhaltspunkte einer Rechtsverletzung nicht zumutbar. Bei Bekanntwerden von Rechtsverletzungen werden wir derartige Links umgehend entfernen. Urheberrecht Die durch die Seitenbetreiber erstellten Inhalte und Werke auf diesen Seiten unterliegen dem deutschen Urheberrecht. Die Vervielf\u00e4ltigung, Bearbeitung, Verbreitung und jede Art der Verwertung au\u00dferhalb der Grenzen des Urheberrechtes bed\u00fcrfen der schriftlichen Zustimmung des jeweiligen Autors bzw. Erstellers. Downloads und Kopien dieser Seite sind nur f\u00fcr den privaten, nicht kommerziellen Gebrauch gestattet. Soweit die Inhalte auf dieser Seite nicht vom Betreiber erstellt wurden, werden die Urheberrechte Dritter beachtet. Insbesondere werden Inhalte Dritter als solche gekennzeichnet. Sollten Sie trotzdem auf eine Urheberrechtsverletzung aufmerksam werden, bitten wir um einen entsprechenden Hinweis. Bei Bekanntwerden von Rechtsverletzungen werden wir derartige Inhalte umgehend entfernen. Bildquellen: Adobe Stock&nbsp;134625536&nbsp;&#8211;&nbsp;Physiotherapist giving back massage to patient Adobe Stock&nbsp;130931230&nbsp;&#8211;&nbsp;Female knee with physio tape, closeup Adobe Stock&nbsp;289613406&nbsp;&#8211;&nbsp;portrait of young woman Adobe Stock&nbsp;178009293&nbsp;&#8211;&nbsp;Ultrasound infrared light cosmetic treatment Adobe Stock&nbsp;162471256&nbsp;&#8211;&nbsp;Therapist giving traditional thai foot massage to a woman in spa Adobe Stock&nbsp;121055484&nbsp;&#8211;&nbsp;Elektrotherapie als unterst\u00fctzende Behandlung gegen Migr\u00e4ne Adobe Stock&nbsp;459568039&nbsp;&#8211;&nbsp;Fango therapy for hands. Paraffin compresses are used to perform fango massages. The photo shows a patient and a masseur. Adobe Stock&nbsp;250901528&nbsp;&#8211;&nbsp;Young handsome man enjoying a back massage. Professional massage therapist is treating a male patient in apartment. Relaxation, beauty, body and face treatment concept. Home massage. Adobe Stock&nbsp;39904723 &#8211;&nbsp;Patient bei der Physiotherapie &#8211; Massage Adobe Stock&nbsp;1086718524 Adobe Stock&nbsp;335041800 Adobe Stock&nbsp;171364477 Adobe Stock&nbsp;116235875<\/p>\n","protected":false},"author":1,"featured_media":0,"parent":0,"menu_order":0,"comment_status":"closed","ping_status":"closed","template":"","meta":{"footnotes":""},"class_list":["post-86","page","type-page","status-publish","hentry"],"_links":{"self":[{"href":"https:\/\/ellers-physiotherapie.de\/index.php?rest_route=\/wp\/v2\/pages\/86","targetHints":{"allow":["GET"]}}],"collection":[{"href":"https:\/\/ellers-physiotherapie.de\/index.php?rest_route=\/wp\/v2\/pages"}],"about":[{"href":"https:\/\/ellers-physiotherapie.de\/index.php?rest_route=\/wp\/v2\/types\/page"}],"author":[{"embeddable":true,"href":"https:\/\/ellers-physiotherapie.de\/index.php?rest_route=\/wp\/v2\/users\/1"}],"replies":[{"embeddable":true,"href":"https:\/\/ellers-physiotherapie.de\/index.php?rest_route=%2Fwp%2Fv2%2Fcomments&post=86"}],"version-history":[{"count":33,"href":"https:\/\/ellers-physiotherapie.de\/index.php?rest_route=\/wp\/v2\/pages\/86\/revisions"}],"predecessor-version":[{"id":572,"href":"https:\/\/ellers-physiotherapie.de\/index.php?rest_route=\/wp\/v2\/pages\/86\/revisions\/572"}],"wp:attachment":[{"href":"https:\/\/ellers-physiotherapie.de\/index.php?rest_route=%2Fwp%2Fv2%2Fmedia&parent=86"}],"curies":[{"name":"wp","href":"https:\/\/api.w.org\/{rel}","templated":true}]}}